{"id":130,"date":"2017-09-30T09:49:11","date_gmt":"2017-09-30T09:49:11","guid":{"rendered":"http:\/\/import.getbowtied.com\/the-retailer-v1.2\/?page_id=130"},"modified":"2018-05-02T19:33:55","modified_gmt":"2018-05-02T19:33:55","slug":"preguntas","status":"publish","type":"page","link":"https:\/\/njoyeria.com\/mx\/pages\/preguntas\/","title":{"rendered":"Preguntas frecuentes"},"content":{"rendered":"<div class=\"wpb-content-wrapper\"><p>[vc_section css=&#8221;.vc_custom_1506424265574{margin-bottom: 50px !important;border-bottom-width: 1px !important;padding-top: 50px !important;padding-bottom: 50px !important;border-bottom-color: #dddddd !important;border-bottom-style: solid !important;}&#8221;][vc_row][vc_column width=&#8221;1\/4&#8243;][vc_column_text css=&#8221;.vc_custom_1522022899491{padding-bottom: 25px !important;padding-left: 0px !important;}&#8221;]<\/p>\n<h2>Informaci\u00f3n y preguntas frecuentes antes de la compra<\/h2>\n<p>[\/vc_column_text][\/vc_column][vc_column width=&#8221;3\/4&#8243;][vc_column_text css=&#8221;.vc_custom_1522022879859{padding-bottom: 25px !important;}&#8221;]<\/p>\n<h5><span style=\"color: #000000;\"><strong> Donde est\u00e1n ubicados? <\/strong><\/span><\/h5>\n<p>Nuestras oficinas corporativas est\u00e1n ubicadas en Nuevo Le\u00f3n. Desde donde damos servicio a nivel Nacional.[\/vc_column_text][vc_column_text css=&#8221;.vc_custom_1522022943757{padding-bottom: 25px !important;}&#8221;]<\/p>\n<h5><strong><span style=\"color: #000000;\">\u00bf De que Material es la Joyer\u00eda?? <\/span> <\/strong><\/h5>\n<p><span style=\"color: #808080;\">El material de la joyer\u00eda que distribuimos es: oro laminado 18K, Rodio, Zirconias, Swarovski.<br \/>\nDichos materiales son sometidos a varios procesos para su alta durabilidad, calidad AAA. todos nuestros productos son Hipoalerg\u00e9nicos.<\/span>[\/vc_column_text][vc_column_text css=&#8221;.vc_custom_1522022999528{padding-bottom: 25px !important;}&#8221;]<\/p>\n<h5><span style=\"color: #000000;\"><strong>\u00bfCuenta con cat\u00e1logo?<\/strong><\/span><\/h5>\n<p><span style=\"color: #808080;\"><br \/>\nNo, esto debido a que nuestros modelos cambian constantemente de dise\u00f1o, siempre teniendo novedosos modelos y estilos.<\/span>[\/vc_column_text][vc_column_text css=&#8221;.vc_custom_1522023227271{padding-bottom: 25px !important;}&#8221;]<\/p>\n<h5><span style=\"color: #000000;\"><strong>\u00bfDonde puedo hacer los pagos de los pedidos?<\/strong><\/span><\/h5>\n<p><span style=\"color: #808080;\"> PayPal (naccesoriosyjoyeria@gmail.com). Transferencia interbancaria. Dep\u00f3sitos bancarios.<br \/>\nDep\u00f3sitos en tiendas de conveniencia.<\/span>[\/vc_column_text][\/vc_column][\/vc_row][\/vc_section][vc_section disable_element=&#8221;yes&#8221; css=&#8221;.vc_custom_1522023157801{margin-bottom: 50px !important;border-bottom-width: 1px !important;padding-bottom: 50px !important;border-bottom-color: #dddddd !important;border-bottom-style: solid !important;}&#8221;][vc_row][vc_column width=&#8221;1\/4&#8243;][vc_column_text css=&#8221;.vc_custom_1521050596759{padding-bottom: 25px !important;padding-left: 0px !important;}&#8221;]<\/p>\n<h2>Informaci\u00f3n para pagos<\/h2>\n<p>[\/vc_column_text][\/vc_column][vc_column width=&#8221;3\/4&#8243;][vc_column_text css=&#8221;.vc_custom_1521070358636{padding-bottom: 25px !important;}&#8221;]<\/p>\n<h5><span style=\"color: #000000;\"><strong>\u00bfQu\u00e9 m\u00e9todos de pago se aceptan?<\/strong><\/span><\/h5>\n<p><span style=\"color: #808080;\">Dep\u00f3sitos, tarjetas, paypal, etc.<\/span>[\/vc_column_text][vc_column_text css=&#8221;.vc_custom_1521070396270{padding-bottom: 25px !important;}&#8221;]<\/p>\n<h5><span style=\"color: #000000;\"><strong>\u00bfUsted env\u00eda internacionalmente?<\/strong><\/span><\/h5>\n<p><span style=\"color: #808080;\">Si, pero solamente para pedidos especiales.<\/span>[\/vc_column_text][\/vc_column][\/vc_row][\/vc_section][vc_section disable_element=&#8221;yes&#8221; css=&#8221;.vc_custom_1522023163836{padding-bottom: 50px !important;}&#8221;][vc_row][vc_column width=&#8221;1\/4&#8243;][vc_column_text css=&#8221;.vc_custom_1521050629462{padding-bottom: 25px !important;padding-left: 0px !important;}&#8221;]<\/p>\n<h2>Pedidos y devoluciones<\/h2>\n<p>[\/vc_column_text][\/vc_column][vc_column width=&#8221;3\/4&#8243; css=&#8221;.vc_custom_1506434972820{margin-bottom: 0px !important;padding-bottom: 0px !important;}&#8221;][vc_column_text css=&#8221;.vc_custom_1521070436516{padding-bottom: 25px !important;}&#8221;]<\/p>\n<h5><span style=\"color: #000000;\"><strong>\u00bfC\u00f3mo hago un pedido?<\/strong><\/span><\/h5>\n<p><span style=\"color: #808080;\">Puedes usar nuestra tienda en l\u00ednea o cont\u00e1ctanos.<\/span>[\/vc_column_text][vc_column_text css=&#8221;.vc_custom_1521070476252{padding-bottom: 25px !important;}&#8221;]<\/p>\n<h5><span style=\"color: #000000;\"><strong>\u00bfNecesito una cuenta para hacer un pedido?<\/strong><\/span><\/h5>\n<p><span style=\"color: #808080;\">no, podemos tambi\u00e9n recibir tu orden por tel\u00e9fono o correo.<\/span>[\/vc_column_text][vc_column_text css=&#8221;.vc_custom_1521070504530{padding-bottom: 25px !important;}&#8221;]<\/p>\n<h5><span style=\"color: #000000;\"><strong>\u00bfC\u00f3mo puedo cancelar o cambiar mi orden?<\/strong><\/span><\/h5>\n<p><span style=\"color: #808080;\">Solo si no se ha procesado o enviado <\/span>[\/vc_column_text][vc_column_text]<\/p>\n<h5><span style=\"color: #000000;\"><strong>\u00bfC\u00f3mo puedo devolver un producto?<\/strong><\/span><\/h5>\n<p><span style=\"color: #808080;\">[\/vc_column_text][vc_column_text css=&#8221;.vc_custom_1521070609332{padding-bottom: 25px !important;}&#8221;]<br \/>\n<\/span><\/p>\n<h5><span style=\"color: #000000;\"><strong>C\u00f3mo realizo un seguimiento de mi pedido?<\/strong><\/span><\/h5>\n<p><span style=\"color: #808080;\">Con tu n\u00famero de gu\u00eda o simplemente env\u00edanos un mensaje<\/span>[\/vc_column_text][\/vc_column][\/vc_row][\/vc_section]<\/p>\n<\/div>","protected":false},"excerpt":{"rendered":"<p>[vc_section css=&#8221;.vc_custom_1506424265574{margin-bottom: 50px !important;border-bottom-width: 1px !important;padding-top: 50px !important;padding-bottom: 50px !important;border-bottom-color: #dddddd !important;border-bottom-style: solid !important;}&#8221;][vc_row][vc_column width=&#8221;1\/4&#8243;][vc_column_text css=&#8221;.vc_custom_1522022899491{padding-bottom: 25px !important;padding-left: 0px !important;}&#8221;] Informaci\u00f3n y preguntas frecuentes antes de la compra [\/vc_column_text][\/vc_column][vc_column width=&#8221;3\/4&#8243;][vc_column_text css=&#8221;.vc_custom_1522022879859{padding-bottom: 25px !important;}&#8221;] Donde est\u00e1n ubicados? Nuestras oficinas corporativas est\u00e1n ubicadas en Nuevo Le\u00f3n. Desde donde damos servicio a nivel Nacional.[\/vc_column_text][vc_column_text css=&#8221;.vc_custom_1522022943757{padding-bottom: 25px !important;}&#8221;] \u00bf [&hellip;]<\/p>\n","protected":false},"author":1,"featured_media":0,"parent":11,"menu_order":0,"comment_status":"closed","ping_status":"closed","template":"","meta":{"footnotes":""},"class_list":["post-130","page","type-page","status-publish","hentry"],"_links":{"self":[{"href":"https:\/\/njoyeria.com\/mx\/wp-json\/wp\/v2\/pages\/130","targetHints":{"allow":["GET"]}}],"collection":[{"href":"https:\/\/njoyeria.com\/mx\/wp-json\/wp\/v2\/pages"}],"about":[{"href":"https:\/\/njoyeria.com\/mx\/wp-json\/wp\/v2\/types\/page"}],"author":[{"embeddable":true,"href":"https:\/\/njoyeria.com\/mx\/wp-json\/wp\/v2\/users\/1"}],"replies":[{"embeddable":true,"href":"https:\/\/njoyeria.com\/mx\/wp-json\/wp\/v2\/comments?post=130"}],"version-history":[{"count":0,"href":"https:\/\/njoyeria.com\/mx\/wp-json\/wp\/v2\/pages\/130\/revisions"}],"up":[{"embeddable":true,"href":"https:\/\/njoyeria.com\/mx\/wp-json\/wp\/v2\/pages\/11"}],"wp:attachment":[{"href":"https:\/\/njoyeria.com\/mx\/wp-json\/wp\/v2\/media?parent=130"}],"curies":[{"name":"wp","href":"https:\/\/api.w.org\/{rel}","templated":true}]}}