{"id":128,"date":"2017-09-30T09:44:46","date_gmt":"2017-09-30T09:44:46","guid":{"rendered":"http:\/\/import.getbowtied.com\/the-retailer-v1.2\/?page_id=128"},"modified":"2019-02-02T19:07:17","modified_gmt":"2019-02-02T19:07:17","slug":"nosotros","status":"publish","type":"page","link":"https:\/\/njoyeria.com\/mx\/nosotros\/","title":{"rendered":"Acerca de nosotros"},"content":{"rendered":"<div class=\"wpb-content-wrapper\"><p>[vc_section css=&#8221;.vc_custom_1506518874792{padding-top: 75px !important;padding-bottom: 75px !important;}&#8221;][vc_row][vc_column][vc_column_text css_animation=&#8221;fadeIn&#8221;]<img loading=\"lazy\" decoding=\"async\" class=\"size-medium wp-image-404 aligncenter\" src=\"https:\/\/njoyeria.com\/mx\/wp-content\/uploads\/2018\/03\/logo@2x-300x56.png\" alt=\"\" width=\"300\" height=\"56\" srcset=\"https:\/\/njoyeria.com\/mx\/wp-content\/uploads\/2018\/03\/logo@2x-300x56.png 300w, https:\/\/njoyeria.com\/mx\/wp-content\/uploads\/2018\/03\/logo@2x.png 518w\" sizes=\"auto, (max-width: 300px) 100vw, 300px\" \/>[\/vc_column_text][\/vc_column][\/vc_row][vc_row type=&#8221;boxed&#8221;][vc_column width=&#8221;1\/2&#8243;][vc_column_text css=&#8221;.vc_custom_1522022295556{padding-top: 50px !important;padding-right: 50px !important;padding-left: 50px !important;}&#8221;]<\/p>\n<h2><span style=\"color: #000000;\">Acerca de nosotros<\/span><\/h2>\n<p>[\/vc_column_text][vc_column_text css=&#8221;.vc_custom_1524924144500{padding-right: 50px !important;padding-bottom: 50px !important;padding-left: 50px !important;}&#8221;]Somos una empresa mexicana dedicada a la distribuci\u00f3n de Joyer\u00eda Fina. Fundada en Marzo del 2010 y desde entonces nos hemos mantenido en la preferencia de nuestros clientes y siempre buscando perfeccionar nuestro servicio.[\/vc_column_text][\/vc_column][vc_column width=&#8221;1\/2&#8243;][vc_column_text css=&#8221;.vc_custom_1522022324103{padding-top: 50px !important;padding-right: 50px !important;padding-left: 50px !important;}&#8221;]<\/p>\n<h2><span style=\"color: #000000;\">Nuestros productos<\/span><\/h2>\n<p>[\/vc_column_text][vc_column_text css=&#8221;.vc_custom_1549134358091{padding-right: 50px !important;padding-bottom: 50px !important;padding-left: 50px !important;}&#8221;]Nuestra joyer\u00eda es de la m\u00e1s alta calidad, los materiales que se ocupan para su elaboraci\u00f3n son: Oro laminado de 18 k, Rodio, contamos tambi\u00e9n con una linea de acero inoxidable, Zirconias, Zwarovsky y otras piedras preciosas calidad AAA.<br \/>\nDichos materiales son sometidos a procesos para su larga duraci\u00f3n. Por lo cual es considerada, lo mejor en Joyer\u00eda despu\u00e9s de el Oro. Todos nuestros productos son Hipoalerg\u00e9nicos.[\/vc_column_text][\/vc_column][\/vc_row][vc_row type=&#8221;boxed&#8221;][vc_column width=&#8221;1\/2&#8243;][vc_column_text css=&#8221;.vc_custom_1524924265328{padding-top: 50px !important;padding-right: 50px !important;padding-left: 50px !important;}&#8221;]<\/p>\n<h2><span style=\"color: #000000;\">\u00bfQue es el Oro Laminado ?<\/span><\/h2>\n<p>[\/vc_column_text][vc_column_text css=&#8221;.vc_custom_1524924257520{padding-right: 50px !important;padding-bottom: 50px !important;padding-left: 50px !important;}&#8221;]El oro laminado es una pieza hecha a partir de una base como el lat\u00f3n, cobre y hasta pl\u00e1stico. Que es recubierta con varias capas de oro de distintos quilates (esto puede variar dependiendo al fabricante 12k ,14k, 18k, 22k, y 24k.) La cantidad de capas tambi\u00e9n pueden variar al fabricante de 3 a 6 capas.<\/p>\n<p>Nuestra joyer\u00eda est\u00e1 fabricada a base la Cobre con 6 capas ( micas ) de oro laminado de 18k y todas las piezas son sometidas a un proceso llamado Cataforesis para su larga durabilidad<\/p>\n<p>Todo esto hace que nuestra Joyer\u00eda sea de la mas alta calidad.[\/vc_column_text][\/vc_column][vc_column width=&#8221;1\/2&#8243;][vc_column_text css=&#8221;.vc_custom_1524924285496{padding-top: 50px !important;padding-right: 50px !important;padding-left: 50px !important;}&#8221;]<\/p>\n<h2><span style=\"color: #000000;\">\u00bf Que es el Rodio ?<\/span><\/h2>\n<p>[\/vc_column_text][vc_column_text css=&#8221;.vc_custom_1524924277992{padding-right: 50px !important;padding-bottom: 50px !important;padding-left: 50px !important;}&#8221;]El rodio es un metal de color blanco parecido al del aluminio. Se puede alear con otros metales con facilidad. Su uso en la joyer\u00eda se limita a los ba\u00f1os de rodinado que se da al oro blanco o platino<\/p>\n<p>Nuestra joyer\u00eda esta fabricada a base de Rodio aleado con Cobre y todas las piezas son sometidas a un proceso llamado Cataforesis para su larga durabilidad<\/p>\n<p>Todo esto hace que nuestra Joyer\u00eda sea de la mas alta calidad.[\/vc_column_text][\/vc_column][\/vc_row][vc_row type=&#8221;boxed&#8221;][vc_column width=&#8221;1\/2&#8243;][vc_column_text css=&#8221;.vc_custom_1549134418748{padding-top: 50px !important;padding-right: 50px !important;padding-left: 50px !important;}&#8221;]<\/p>\n<h2><span style=\"color: #000000;\">\u00bfQue es el Acero Inoxidable ?<\/span><\/h2>\n<p>[\/vc_column_text][vc_column_text css=&#8221;.vc_custom_1549134434507{padding-right: 50px !important;padding-bottom: 50px !important;padding-left: 50px !important;}&#8221;]Acero aleado con cromo y otros componentes para evitar su corrosion y elevar su alta durabilidad.[\/vc_column_text][\/vc_column][vc_column width=&#8221;1\/2&#8243;][\/vc_column][\/vc_row][\/vc_section]<\/p>\n<\/div>","protected":false},"excerpt":{"rendered":"<p>[vc_section css=&#8221;.vc_custom_1506518874792{padding-top: 75px !important;padding-bottom: 75px !important;}&#8221;][vc_row][vc_column][vc_column_text css_animation=&#8221;fadeIn&#8221;][\/vc_column_text][\/vc_column][\/vc_row][vc_row type=&#8221;boxed&#8221;][vc_column width=&#8221;1\/2&#8243;][vc_column_text css=&#8221;.vc_custom_1522022295556{padding-top: 50px !important;padding-right: 50px !important;padding-left: 50px !important;}&#8221;] Acerca de nosotros [\/vc_column_text][vc_column_text css=&#8221;.vc_custom_1524924144500{padding-right: 50px !important;padding-bottom: 50px !important;padding-left: 50px !important;}&#8221;]Somos una empresa mexicana dedicada a la distribuci\u00f3n de Joyer\u00eda Fina. Fundada en Marzo del 2010 y desde entonces nos hemos mantenido en la preferencia de nuestros clientes y [&hellip;]<\/p>\n","protected":false},"author":1,"featured_media":0,"parent":0,"menu_order":0,"comment_status":"closed","ping_status":"closed","template":"page-full.php","meta":{"footnotes":""},"class_list":["post-128","page","type-page","status-publish","hentry"],"_links":{"self":[{"href":"https:\/\/njoyeria.com\/mx\/wp-json\/wp\/v2\/pages\/128","targetHints":{"allow":["GET"]}}],"collection":[{"href":"https:\/\/njoyeria.com\/mx\/wp-json\/wp\/v2\/pages"}],"about":[{"href":"https:\/\/njoyeria.com\/mx\/wp-json\/wp\/v2\/types\/page"}],"author":[{"embeddable":true,"href":"https:\/\/njoyeria.com\/mx\/wp-json\/wp\/v2\/users\/1"}],"replies":[{"embeddable":true,"href":"https:\/\/njoyeria.com\/mx\/wp-json\/wp\/v2\/comments?post=128"}],"version-history":[{"count":0,"href":"https:\/\/njoyeria.com\/mx\/wp-json\/wp\/v2\/pages\/128\/revisions"}],"wp:attachment":[{"href":"https:\/\/njoyeria.com\/mx\/wp-json\/wp\/v2\/media?parent=128"}],"curies":[{"name":"wp","href":"https:\/\/api.w.org\/{rel}","templated":true}]}}